{"id":2601,"date":"2022-02-13T20:15:10","date_gmt":"2022-02-13T19:15:10","guid":{"rendered":"https:\/\/www.bernatcarrau.com\/?page_id=2601"},"modified":"2025-08-08T10:18:09","modified_gmt":"2025-08-08T09:18:09","slug":"servicios-2","status":"publish","type":"page","link":"https:\/\/www.bernatcarrau.com\/es\/servicios-2\/","title":{"rendered":"Servicios"},"content":{"rendered":"<p><strong>ARQUITECTURA Y CONSTRUCCI\u00d3N<\/strong><\/p>\n<p>Ofrecemos todos los servicios necesarios en el sector de la arquitectura, con la redacci\u00f3n de anteproyectos, proyectos b\u00e1sicos, proyectos ejecutivos y direcciones de obra.<\/p>\n<p>Ofrecemos tambi\u00e9n la gesti\u00f3n integral de cada proyecto, desde la elecci\u00f3n del solar, la tramitaci\u00f3n frente a la administraci\u00f3n, as\u00ed como el asesoramiento en la elecci\u00f3n de un contratista de obras o la elaboraci\u00f3n y comparaci\u00f3n de presupuestos, control de gastos, etc.<\/p>\n<p><strong>REHABILITACI\u00d3N<\/strong><\/p>\n<p>\u00daltimamente nos hemos especializado en proyectos de rehabilitaci\u00f3n, donde la b\u00f3veda catalana ha sido la protagonista.<\/p>\n<p><strong>REFORMAS Y AMPLIACIONES<\/strong><\/p>\n<p><strong>REHABILITACI\u00d3N DE FACHADAS<\/strong><\/p>\n<p><strong>DISE\u00d1O DE INTERIORES Y EXTERIORES<\/strong><\/p>\n<p>En nuestros proyectos de interiores y exteriores creamos entornos que reflejan y refuerzan la identidad corporativa en el caso de un negocio, o aportan personalidad y funcionalidad en el caso de una vivienda.<\/p>\n<p><strong>C\u00c9DULAS DE HABILTABILIDAD<\/strong><\/p>\n<p><strong>CERTIFICADOS ENERG\u00c9TICOS<\/strong><\/p>\n<p><strong>INFORMES T\u00c9CNICOS DE LA EDIFICACI\u00d3N (ITE)<\/strong><\/p>\n","protected":false},"excerpt":{"rendered":"<p>ARQUITECTURA Y CONSTRUCCI\u00d3N Ofrecemos todos los servicios necesarios en el sector de la arquitectura, con la redacci\u00f3n de anteproyectos, proyectos b\u00e1sicos, proyectos ejecutivos y direcciones de obra. Ofrecemos tambi\u00e9n la gesti\u00f3n integral de cada proyecto, desde la elecci\u00f3n del solar, la tramitaci\u00f3n frente a la administraci\u00f3n, as\u00ed como el asesoramiento en la elecci\u00f3n de un..<\/p>\n","protected":false},"author":1,"featured_media":0,"parent":0,"menu_order":19,"comment_status":"closed","ping_status":"closed","template":"","meta":{"_uag_custom_page_level_css":"","footnotes":""},"class_list":["post-2601","page","type-page","status-publish","hentry"],"uagb_featured_image_src":{"full":false,"thumbnail":false,"medium":false,"medium_large":false,"large":false,"1536x1536":false,"2048x2048":false,"full-size":false,"large-size":false,"medium-size":false,"small-size":false,"small-size-hard":false,"portfolio_thumbnail":false},"uagb_author_info":{"display_name":"bernatca","author_link":"https:\/\/www.bernatcarrau.com\/es\/author\/bernatca\/"},"uagb_comment_info":0,"uagb_excerpt":"ARQUITECTURA Y CONSTRUCCI\u00d3N Ofrecemos todos los servicios necesarios en el sector de la arquitectura, con la redacci\u00f3n de anteproyectos, proyectos b\u00e1sicos, proyectos ejecutivos y direcciones de obra. Ofrecemos tambi\u00e9n la gesti\u00f3n integral de cada proyecto, desde la elecci\u00f3n del solar, la tramitaci\u00f3n frente a la administraci\u00f3n, as\u00ed como el asesoramiento en la elecci\u00f3n de un..","_links":{"self":[{"href":"https:\/\/www.bernatcarrau.com\/es\/wp-json\/wp\/v2\/pages\/2601","targetHints":{"allow":["GET"]}}],"collection":[{"href":"https:\/\/www.bernatcarrau.com\/es\/wp-json\/wp\/v2\/pages"}],"about":[{"href":"https:\/\/www.bernatcarrau.com\/es\/wp-json\/wp\/v2\/types\/page"}],"author":[{"embeddable":true,"href":"https:\/\/www.bernatcarrau.com\/es\/wp-json\/wp\/v2\/users\/1"}],"replies":[{"embeddable":true,"href":"https:\/\/www.bernatcarrau.com\/es\/wp-json\/wp\/v2\/comments?post=2601"}],"version-history":[{"count":1,"href":"https:\/\/www.bernatcarrau.com\/es\/wp-json\/wp\/v2\/pages\/2601\/revisions"}],"predecessor-version":[{"id":2602,"href":"https:\/\/www.bernatcarrau.com\/es\/wp-json\/wp\/v2\/pages\/2601\/revisions\/2602"}],"wp:attachment":[{"href":"https:\/\/www.bernatcarrau.com\/es\/wp-json\/wp\/v2\/media?parent=2601"}],"curies":[{"name":"wp","href":"https:\/\/api.w.org\/{rel}","templated":true}]}}